{"id":1919,"date":"2025-11-04T18:43:52","date_gmt":"2025-11-04T16:43:52","guid":{"rendered":"https:\/\/gefiscompany.com\/?post_type=product&#038;p=1919"},"modified":"2026-04-02T12:07:06","modified_gmt":"2026-04-02T09:07:06","slug":"christmas-wine-chocolate-box","status":"publish","type":"product","link":"https:\/\/gefiscompany.com\/en\/product\/christmas-wine-chocolate-box\/","title":{"rendered":"Wine &#038; Chocolate Box"},"content":{"rendered":"<ol>\n<li>Semi-dry white wine Nemea Calliga bottle 750 ml. Fresh and clean aroma with notes of lemon and orange. Intense fruity aftertaste that lasts.<\/li>\n<li>Milk chocolate with biscuits Laurence Les Tartelettes 100 gr.<\/li>\n<li>Fleurs de Prairie Ros\u00e9 750 ml. This is a refined ros\u00e9 wine from the heart of Provence, a region famous for its top ros\u00e9s. It is distinguished by its delicate aromas of fresh fruits, such as strawberry, raspberry and white peach, which are combined with floral notes and a light minerality, characteristic of the wines of the region. It offers an excellent balance between acidity and fruity flavor.<\/li>\n<li>Milk chocolate with ruby, pomegranate and dried strawberry pieces CHOMMELIER CHOCOLATE PAIRINGS &#8211; Rose Wine 100 gr.<\/li>\n<li>N\u00fcrnberger Gl\u00fchwein 1lt . The typical German hot wine of Christmas. Drink warm with a cinnamon stick, a slice of orange and spices.<\/li>\n<li>Ceylon Cinnamon Sticks.<\/li>\n<li>Noel Laurence Tin Box. Rocks of excellent quality milk chocolate with crispy rice and roasted almonds.<\/li>\n<\/ol>\n<p>&nbsp;<\/p>\n<ul>\n<li>Included in a GefisCompany hat box with handle.<\/li>\n<li>A greeting card with a gold border is included. (We can write your wishes and send them directly to the recipient of the gift! In this case, type the text in the notes of your order)<\/li>\n<\/ul>\n<p>&nbsp;<\/p>\n<p><strong>The purchase of the product by minors is prohibited.<\/strong><\/p>\n<p>Gefis Company encourages responsible alcohol consumption among adults.<\/p>\n<p>Gefis Company prevents drivers from consuming alcohol.<\/p>\n<p>&nbsp;<\/p>\n<p>&nbsp;<\/p>\n","protected":false},"excerpt":{"rendered":"<p>Semi-dry white wine Nemea Calliga bottle 750 ml. Fresh and clean aroma with notes of lemon and orange. Intense fruity aftertaste that lasts. Milk chocolate with biscuits Laurence Les Tartelettes 100 gr. Fleurs de Prairie Ros\u00e9 750 ml. This is a refined ros\u00e9 wine from the heart of Provence, a region famous for its top [&hellip;]<\/p>\n","protected":false},"featured_media":1920,"template":"","meta":[],"product_brand":[],"product_cat":[50,239,104,80,101],"product_tag":[],"class_list":{"0":"post-1919","1":"product","2":"type-product","3":"status-publish","4":"has-post-thumbnail","6":"product_cat-wine-gift-boxes","7":"product_cat-business-gifts","8":"product_cat-christmas","9":"product_cat-season","10":"product_cat-winter","12":"first","13":"instock","14":"shipping-taxable","15":"purchasable","16":"product-type-simple"},"_links":{"self":[{"href":"https:\/\/gefiscompany.com\/en\/wp-json\/wp\/v2\/product\/1919","targetHints":{"allow":["GET"]}}],"collection":[{"href":"https:\/\/gefiscompany.com\/en\/wp-json\/wp\/v2\/product"}],"about":[{"href":"https:\/\/gefiscompany.com\/en\/wp-json\/wp\/v2\/types\/product"}],"wp:featuredmedia":[{"embeddable":true,"href":"https:\/\/gefiscompany.com\/en\/wp-json\/wp\/v2\/media\/1920"}],"wp:attachment":[{"href":"https:\/\/gefiscompany.com\/en\/wp-json\/wp\/v2\/media?parent=1919"}],"wp:term":[{"taxonomy":"product_brand","embeddable":true,"href":"https:\/\/gefiscompany.com\/en\/wp-json\/wp\/v2\/product_brand?post=1919"},{"taxonomy":"product_cat","embeddable":true,"href":"https:\/\/gefiscompany.com\/en\/wp-json\/wp\/v2\/product_cat?post=1919"},{"taxonomy":"product_tag","embeddable":true,"href":"https:\/\/gefiscompany.com\/en\/wp-json\/wp\/v2\/product_tag?post=1919"}],"curies":[{"name":"wp","href":"https:\/\/api.w.org\/{rel}","templated":true}]}}